{"id":19,"date":"2014-02-27T00:49:03","date_gmt":"2014-02-27T00:49:03","guid":{"rendered":"http:\/\/llenodenada.com.ar\/trafico\/?page_id=19"},"modified":"2016-03-22T13:55:15","modified_gmt":"2016-03-22T13:55:15","slug":"past-issues","status":"publish","type":"page","link":"http:\/\/t-d-x.com.ar\/a\/past-issues\/","title":{"rendered":"N\u00fameros anteriores"},"content":{"rendered":"<p>N\u00famero 2<br \/>\n<a href=\"http:\/\/t-d-x.com.ar\/a\/numero-2\"><img loading=\"lazy\" decoding=\"async\" class=\"alignnone size-medium wp-image-401\" src=\"http:\/\/t-d-x.com.ar\/a\/wp-content\/uploads\/2014\/12\/portada2a-300x187.jpg\" alt=\"portada2a\" width=\"300\" height=\"187\" srcset=\"http:\/\/t-d-x.com.ar\/a\/wp-content\/uploads\/2014\/12\/portada2a-300x187.jpg 300w, http:\/\/t-d-x.com.ar\/a\/wp-content\/uploads\/2014\/12\/portada2a-1024x640.jpg 1024w, http:\/\/t-d-x.com.ar\/a\/wp-content\/uploads\/2014\/12\/portada2a.jpg 1200w\" sizes=\"auto, (max-width: 300px) 100vw, 300px\" \/><\/a><\/p>\n<p>N\u00famero 1<br \/>\n<a href=\"http:\/\/t-d-x.com.ar\/a\/numero-1\"><img loading=\"lazy\" decoding=\"async\" class=\"alignnone size-medium wp-image-346\" src=\"http:\/\/t-d-x.com.ar\/a\/wp-content\/uploads\/2014\/10\/slide2-300x187.jpg\" alt=\"slide2\" width=\"300\" height=\"187\" srcset=\"http:\/\/t-d-x.com.ar\/a\/wp-content\/uploads\/2014\/10\/slide2-300x187.jpg 300w, http:\/\/t-d-x.com.ar\/a\/wp-content\/uploads\/2014\/10\/slide2-1024x640.jpg 1024w, http:\/\/t-d-x.com.ar\/a\/wp-content\/uploads\/2014\/10\/slide2.jpg 1200w\" sizes=\"auto, (max-width: 300px) 100vw, 300px\" \/><\/a><\/p>\n<p>[ssba_hide]<\/p>\n","protected":false},"excerpt":{"rendered":"<p>N\u00famero 2 N\u00famero 1 [ssba_hide]<\/p>\n","protected":false},"author":1,"featured_media":0,"parent":0,"menu_order":0,"comment_status":"closed","ping_status":"open","template":"","meta":{"_acf_changed":false,"footnotes":""},"class_list":["post-19","page","type-page","status-publish","hentry"],"acf":[],"yoast_head":"<!-- This site is optimized with the Yoast SEO plugin v27.4 - https:\/\/yoast.com\/product\/yoast-seo-wordpress\/ -->\n<title>N\u00fameros anteriores - Tr\u00e1fico de experiencias<\/title>\n<meta name=\"robots\" content=\"index, follow, max-snippet:-1, max-image-preview:large, max-video-preview:-1\" \/>\n<link rel=\"canonical\" href=\"http:\/\/t-d-x.com.ar\/a\/past-issues\/\" \/>\n<meta property=\"og:locale\" content=\"es_ES\" \/>\n<meta property=\"og:type\" content=\"article\" \/>\n<meta property=\"og:title\" content=\"N\u00fameros anteriores - Tr\u00e1fico de experiencias\" \/>\n<meta property=\"og:description\" content=\"N\u00famero 2 N\u00famero 1 [ssba_hide]\" \/>\n<meta property=\"og:url\" content=\"http:\/\/t-d-x.com.ar\/a\/past-issues\/\" \/>\n<meta property=\"og:site_name\" content=\"Tr\u00e1fico de experiencias\" \/>\n<meta property=\"article:modified_time\" content=\"2016-03-22T13:55:15+00:00\" \/>\n<meta property=\"og:image\" content=\"http:\/\/t-d-x.com.ar\/a\/wp-content\/uploads\/2014\/12\/portada2a-300x187.jpg\" \/>\n<script type=\"application\/ld+json\" class=\"yoast-schema-graph\">{\"@context\":\"https:\\\/\\\/schema.org\",\"@graph\":[{\"@type\":\"WebPage\",\"@id\":\"http:\\\/\\\/t-d-x.com.ar\\\/a\\\/past-issues\\\/\",\"url\":\"http:\\\/\\\/t-d-x.com.ar\\\/a\\\/past-issues\\\/\",\"name\":\"N\u00fameros anteriores - Tr\u00e1fico de experiencias\",\"isPartOf\":{\"@id\":\"https:\\\/\\\/t-d-x.com.ar\\\/a\\\/#website\"},\"primaryImageOfPage\":{\"@id\":\"http:\\\/\\\/t-d-x.com.ar\\\/a\\\/past-issues\\\/#primaryimage\"},\"image\":{\"@id\":\"http:\\\/\\\/t-d-x.com.ar\\\/a\\\/past-issues\\\/#primaryimage\"},\"thumbnailUrl\":\"http:\\\/\\\/t-d-x.com.ar\\\/a\\\/wp-content\\\/uploads\\\/2014\\\/12\\\/portada2a-300x187.jpg\",\"datePublished\":\"2014-02-27T00:49:03+00:00\",\"dateModified\":\"2016-03-22T13:55:15+00:00\",\"breadcrumb\":{\"@id\":\"http:\\\/\\\/t-d-x.com.ar\\\/a\\\/past-issues\\\/#breadcrumb\"},\"inLanguage\":\"es\",\"potentialAction\":[{\"@type\":\"ReadAction\",\"target\":[\"http:\\\/\\\/t-d-x.com.ar\\\/a\\\/past-issues\\\/\"]}]},{\"@type\":\"ImageObject\",\"inLanguage\":\"es\",\"@id\":\"http:\\\/\\\/t-d-x.com.ar\\\/a\\\/past-issues\\\/#primaryimage\",\"url\":\"http:\\\/\\\/t-d-x.com.ar\\\/a\\\/wp-content\\\/uploads\\\/2014\\\/12\\\/portada2a.jpg\",\"contentUrl\":\"http:\\\/\\\/t-d-x.com.ar\\\/a\\\/wp-content\\\/uploads\\\/2014\\\/12\\\/portada2a.jpg\",\"width\":1200,\"height\":750},{\"@type\":\"BreadcrumbList\",\"@id\":\"http:\\\/\\\/t-d-x.com.ar\\\/a\\\/past-issues\\\/#breadcrumb\",\"itemListElement\":[{\"@type\":\"ListItem\",\"position\":1,\"name\":\"Portada\",\"item\":\"https:\\\/\\\/t-d-x.com.ar\\\/a\\\/\"},{\"@type\":\"ListItem\",\"position\":2,\"name\":\"N\u00fameros anteriores\"}]},{\"@type\":\"WebSite\",\"@id\":\"https:\\\/\\\/t-d-x.com.ar\\\/a\\\/#website\",\"url\":\"https:\\\/\\\/t-d-x.com.ar\\\/a\\\/\",\"name\":\"Tr\u00e1fico de experiencias\",\"description\":\"\",\"publisher\":{\"@id\":\"https:\\\/\\\/t-d-x.com.ar\\\/a\\\/#organization\"},\"potentialAction\":[{\"@type\":\"SearchAction\",\"target\":{\"@type\":\"EntryPoint\",\"urlTemplate\":\"https:\\\/\\\/t-d-x.com.ar\\\/a\\\/?s={search_term_string}\"},\"query-input\":{\"@type\":\"PropertyValueSpecification\",\"valueRequired\":true,\"valueName\":\"search_term_string\"}}],\"inLanguage\":\"es\"},{\"@type\":\"Organization\",\"@id\":\"https:\\\/\\\/t-d-x.com.ar\\\/a\\\/#organization\",\"name\":\"Tr\u00e1fico de experiencias\",\"url\":\"https:\\\/\\\/t-d-x.com.ar\\\/a\\\/\",\"logo\":{\"@type\":\"ImageObject\",\"inLanguage\":\"es\",\"@id\":\"https:\\\/\\\/t-d-x.com.ar\\\/a\\\/#\\\/schema\\\/logo\\\/image\\\/\",\"url\":\"http:\\\/\\\/t-d-x.com.ar\\\/a\\\/wp-content\\\/uploads\\\/2014\\\/03\\\/cropped-logo1g.png\",\"contentUrl\":\"http:\\\/\\\/t-d-x.com.ar\\\/a\\\/wp-content\\\/uploads\\\/2014\\\/03\\\/cropped-logo1g.png\",\"width\":1260,\"height\":150,\"caption\":\"Tr\u00e1fico de experiencias\"},\"image\":{\"@id\":\"https:\\\/\\\/t-d-x.com.ar\\\/a\\\/#\\\/schema\\\/logo\\\/image\\\/\"},\"sameAs\":[\"https:\\\/\\\/www.instagram.com\\\/gestioneducativaflacso\"]}]}<\/script>\n<!-- \/ Yoast SEO plugin. -->","yoast_head_json":{"title":"N\u00fameros anteriores - Tr\u00e1fico de experiencias","robots":{"index":"index","follow":"follow","max-snippet":"max-snippet:-1","max-image-preview":"max-image-preview:large","max-video-preview":"max-video-preview:-1"},"canonical":"http:\/\/t-d-x.com.ar\/a\/past-issues\/","og_locale":"es_ES","og_type":"article","og_title":"N\u00fameros anteriores - Tr\u00e1fico de experiencias","og_description":"N\u00famero 2 N\u00famero 1 [ssba_hide]","og_url":"http:\/\/t-d-x.com.ar\/a\/past-issues\/","og_site_name":"Tr\u00e1fico de experiencias","article_modified_time":"2016-03-22T13:55:15+00:00","og_image":[{"url":"http:\/\/t-d-x.com.ar\/a\/wp-content\/uploads\/2014\/12\/portada2a-300x187.jpg","type":"","width":"","height":""}],"schema":{"@context":"https:\/\/schema.org","@graph":[{"@type":"WebPage","@id":"http:\/\/t-d-x.com.ar\/a\/past-issues\/","url":"http:\/\/t-d-x.com.ar\/a\/past-issues\/","name":"N\u00fameros anteriores - Tr\u00e1fico de experiencias","isPartOf":{"@id":"https:\/\/t-d-x.com.ar\/a\/#website"},"primaryImageOfPage":{"@id":"http:\/\/t-d-x.com.ar\/a\/past-issues\/#primaryimage"},"image":{"@id":"http:\/\/t-d-x.com.ar\/a\/past-issues\/#primaryimage"},"thumbnailUrl":"http:\/\/t-d-x.com.ar\/a\/wp-content\/uploads\/2014\/12\/portada2a-300x187.jpg","datePublished":"2014-02-27T00:49:03+00:00","dateModified":"2016-03-22T13:55:15+00:00","breadcrumb":{"@id":"http:\/\/t-d-x.com.ar\/a\/past-issues\/#breadcrumb"},"inLanguage":"es","potentialAction":[{"@type":"ReadAction","target":["http:\/\/t-d-x.com.ar\/a\/past-issues\/"]}]},{"@type":"ImageObject","inLanguage":"es","@id":"http:\/\/t-d-x.com.ar\/a\/past-issues\/#primaryimage","url":"http:\/\/t-d-x.com.ar\/a\/wp-content\/uploads\/2014\/12\/portada2a.jpg","contentUrl":"http:\/\/t-d-x.com.ar\/a\/wp-content\/uploads\/2014\/12\/portada2a.jpg","width":1200,"height":750},{"@type":"BreadcrumbList","@id":"http:\/\/t-d-x.com.ar\/a\/past-issues\/#breadcrumb","itemListElement":[{"@type":"ListItem","position":1,"name":"Portada","item":"https:\/\/t-d-x.com.ar\/a\/"},{"@type":"ListItem","position":2,"name":"N\u00fameros anteriores"}]},{"@type":"WebSite","@id":"https:\/\/t-d-x.com.ar\/a\/#website","url":"https:\/\/t-d-x.com.ar\/a\/","name":"Tr\u00e1fico de experiencias","description":"","publisher":{"@id":"https:\/\/t-d-x.com.ar\/a\/#organization"},"potentialAction":[{"@type":"SearchAction","target":{"@type":"EntryPoint","urlTemplate":"https:\/\/t-d-x.com.ar\/a\/?s={search_term_string}"},"query-input":{"@type":"PropertyValueSpecification","valueRequired":true,"valueName":"search_term_string"}}],"inLanguage":"es"},{"@type":"Organization","@id":"https:\/\/t-d-x.com.ar\/a\/#organization","name":"Tr\u00e1fico de experiencias","url":"https:\/\/t-d-x.com.ar\/a\/","logo":{"@type":"ImageObject","inLanguage":"es","@id":"https:\/\/t-d-x.com.ar\/a\/#\/schema\/logo\/image\/","url":"http:\/\/t-d-x.com.ar\/a\/wp-content\/uploads\/2014\/03\/cropped-logo1g.png","contentUrl":"http:\/\/t-d-x.com.ar\/a\/wp-content\/uploads\/2014\/03\/cropped-logo1g.png","width":1260,"height":150,"caption":"Tr\u00e1fico de experiencias"},"image":{"@id":"https:\/\/t-d-x.com.ar\/a\/#\/schema\/logo\/image\/"},"sameAs":["https:\/\/www.instagram.com\/gestioneducativaflacso"]}]}},"_links":{"self":[{"href":"http:\/\/t-d-x.com.ar\/a\/wp-json\/wp\/v2\/pages\/19","targetHints":{"allow":["GET"]}}],"collection":[{"href":"http:\/\/t-d-x.com.ar\/a\/wp-json\/wp\/v2\/pages"}],"about":[{"href":"http:\/\/t-d-x.com.ar\/a\/wp-json\/wp\/v2\/types\/page"}],"author":[{"embeddable":true,"href":"http:\/\/t-d-x.com.ar\/a\/wp-json\/wp\/v2\/users\/1"}],"replies":[{"embeddable":true,"href":"http:\/\/t-d-x.com.ar\/a\/wp-json\/wp\/v2\/comments?post=19"}],"version-history":[{"count":0,"href":"http:\/\/t-d-x.com.ar\/a\/wp-json\/wp\/v2\/pages\/19\/revisions"}],"wp:attachment":[{"href":"http:\/\/t-d-x.com.ar\/a\/wp-json\/wp\/v2\/media?parent=19"}],"curies":[{"name":"wp","href":"https:\/\/api.w.org\/{rel}","templated":true}]}}